{"id":31,"date":"2012-07-18T03:34:17","date_gmt":"2012-07-18T03:34:17","guid":{"rendered":"http:\/\/engnova.com.ar\/?page_id=31"},"modified":"2024-06-04T18:27:55","modified_gmt":"2024-06-04T21:27:55","slug":"soluciones","status":"publish","type":"page","link":"https:\/\/engnova.com.ar\/?page_id=31","title":{"rendered":"Soluciones"},"content":{"rendered":"<h2>Proyectos profesionales<\/h2>\n<p class=\"post-intro\">Nuestros desarrollos de ingenier\u00eda e implementaci\u00f3n de proyectos el\u00e9ctricos incluyen la selecci\u00f3n y provisi\u00f3n de todos los componentes necesarios para instrumentar cada propuesta. Trabajamos con gran experiencia estrat\u00e9gica y conocimiento de soluciones tecnol\u00f3gicas de vanguardia.<\/p>\n<p><a href=\"http:\/\/engnova.com.ar\/wp-content\/uploads\/2012\/07\/soluciones_r2_c2.png\"><img loading=\"lazy\" decoding=\"async\" class=\"alignnone size-full wp-image-32\" title=\"Soluciones\" src=\"http:\/\/engnova.com.ar\/wp-content\/uploads\/2012\/07\/soluciones_r2_c2.png\" alt=\"Soluciones\" width=\"624\" height=\"230\" srcset=\"https:\/\/engnova.com.ar\/wp-content\/uploads\/2012\/07\/soluciones_r2_c2.png 624w, https:\/\/engnova.com.ar\/wp-content\/uploads\/2012\/07\/soluciones_r2_c2-300x110.png 300w, https:\/\/engnova.com.ar\/wp-content\/uploads\/2012\/07\/soluciones_r2_c2-500x184.png 500w, https:\/\/engnova.com.ar\/wp-content\/uploads\/2012\/07\/soluciones_r2_c2-220x81.png 220w\" sizes=\"auto, (max-width: 624px) 100vw, 624px\" \/><\/a><\/p>\n<h3><a name=\"montajes\"><\/a>Montajes y provisi\u00f3n de recursos<\/h3>\n<p>Analizar, proyectar, abastecer de recursos y materializar proyectos es nuestra especialidad.<\/p>\n<h3><a name=\"provision\"><\/a>Equipamientos de control, instrumentaci\u00f3n y el\u00e9ctricos<\/h3>\n<p>Nuestro servicio integral incluye la selecci\u00f3n, asesoramiento y provisi\u00f3n de sistemas de control programables autom\u00e1ticos (PLCs, DCS, SCADAS, sistemas dedicados) integrando instrumentaci\u00f3n para la medici\u00f3n de procesos y de par\u00e1metros el\u00e9ctricos.<\/p>\n<h3><a name=\"desarrollo\"><\/a>Desarrollo de sistemas de monitoreo, medici\u00f3n y eficiencia energ\u00e9ticos<\/h3>\n<p>Conocimiento y aplicaci\u00f3n de sistemas para medir, registrar, controlar y gestionar variables energ\u00e9ticas para reducir los consumos y lograr un uso m\u00e1s racional y efectivo de la energ\u00eda; sea electricidad, gas, aire, agua, etc.<\/p>\n<h3><a name=\"llaveenmano\"><\/a>Desarrollo de proyectos \u201cllave en mano\u201d<\/h3>\n<p>Realizaci\u00f3n de obras desde la etapa de dise\u00f1o, ejecuci\u00f3n y puesta en servicio. Nuestro servicio comienza en el primer contacto y concluye con el proyecto terminado y operando acorde a los est\u00e1ndares proyectados y establecidos por nuestros clientes.<\/p>\n","protected":false},"excerpt":{"rendered":"<p>Proyectos profesionales Nuestros desarrollos de ingenier\u00eda e implementaci\u00f3n de proyectos el\u00e9ctricos incluyen la selecci\u00f3n y provisi\u00f3n de todos los componentes necesarios para instrumentar cada propuesta. Trabajamos con gran experiencia estrat\u00e9gica y conocimiento de soluciones tecnol\u00f3gicas de vanguardia. Montajes y provisi\u00f3n &hellip; <a href=\"https:\/\/engnova.com.ar\/?page_id=31\">Sigue leyendo <span class=\"meta-nav\">&rarr;<\/span><\/a><\/p>\n","protected":false},"author":3,"featured_media":0,"parent":0,"menu_order":0,"comment_status":"open","ping_status":"open","template":"","meta":{"footnotes":""},"class_list":["post-31","page","type-page","status-publish","hentry"],"_links":{"self":[{"href":"https:\/\/engnova.com.ar\/index.php?rest_route=\/wp\/v2\/pages\/31","targetHints":{"allow":["GET"]}}],"collection":[{"href":"https:\/\/engnova.com.ar\/index.php?rest_route=\/wp\/v2\/pages"}],"about":[{"href":"https:\/\/engnova.com.ar\/index.php?rest_route=\/wp\/v2\/types\/page"}],"author":[{"embeddable":true,"href":"https:\/\/engnova.com.ar\/index.php?rest_route=\/wp\/v2\/users\/3"}],"replies":[{"embeddable":true,"href":"https:\/\/engnova.com.ar\/index.php?rest_route=%2Fwp%2Fv2%2Fcomments&post=31"}],"version-history":[{"count":10,"href":"https:\/\/engnova.com.ar\/index.php?rest_route=\/wp\/v2\/pages\/31\/revisions"}],"predecessor-version":[{"id":277,"href":"https:\/\/engnova.com.ar\/index.php?rest_route=\/wp\/v2\/pages\/31\/revisions\/277"}],"wp:attachment":[{"href":"https:\/\/engnova.com.ar\/index.php?rest_route=%2Fwp%2Fv2%2Fmedia&parent=31"}],"curies":[{"name":"wp","href":"https:\/\/api.w.org\/{rel}","templated":true}]}}