{"id":25,"date":"2012-07-18T03:28:04","date_gmt":"2012-07-18T03:28:04","guid":{"rendered":"http:\/\/engnova.com.ar\/?page_id=25"},"modified":"2012-07-19T02:03:16","modified_gmt":"2012-07-19T02:03:16","slug":"expertise","status":"publish","type":"page","link":"https:\/\/engnova.com.ar\/?page_id=25","title":{"rendered":"Expertise"},"content":{"rendered":"<h2>Ensamble de expertos<\/h2>\n<p class=\"post-intro\">Somos un equipo multidisciplinario de profesionales de alto nivel en Ingenier\u00eda y t\u00e9cnicos especializados en electricidad, electr\u00f3nica, mec\u00e1nica y qu\u00edmica. Nuestro valor de conocimiento est\u00e1 plenamente orientado al aporte de soluciones de ingenier\u00eda de m\u00e1xima eficiencia para empresas.<\/p>\n<p><a href=\"http:\/\/engnova.com.ar\/wp-content\/uploads\/2012\/07\/exchange1.png\"><img loading=\"lazy\" decoding=\"async\" class=\"alignnone size-full wp-image-26\" title=\"exchange\" src=\"http:\/\/engnova.com.ar\/wp-content\/uploads\/2012\/07\/exchange1.png\" alt=\"\" width=\"624\" height=\"230\" srcset=\"https:\/\/engnova.com.ar\/wp-content\/uploads\/2012\/07\/exchange1.png 624w, https:\/\/engnova.com.ar\/wp-content\/uploads\/2012\/07\/exchange1-300x110.png 300w, https:\/\/engnova.com.ar\/wp-content\/uploads\/2012\/07\/exchange1-500x184.png 500w, https:\/\/engnova.com.ar\/wp-content\/uploads\/2012\/07\/exchange1-220x81.png 220w\" sizes=\"auto, (max-width: 624px) 100vw, 624px\" \/><\/a><\/p>\n<h3><a name=\"estructura\">Estructura eficiente, flexible y optimizada<\/a><\/h3>\n<p>Poseemos un modelo de acci\u00f3n adaptable, capaz de atender a las m\u00e1s variadas necesidades a partir de un equipo profesional flexible y plenamente comunicado tecnol\u00f3gicamente a fin de optimizar los recursos y ofrecer a los clientes soluciones inmediatas de alto nivel, a costos muy competitivos.<\/p>\n<h3><a name=\"concepcion\">Concepci\u00f3n de un proyecto desde la necesidad<\/a><\/h3>\n<p>Engnova SA desarrolla respuestas espec\u00edficas para cada cliente a partir de un an\u00e1lisis exclusivo en cada caso. Generar proyectos dedicados para los mismos asegura el \u00e9xito de cada intervenci\u00f3n a cualquier escala.<\/p>\n<h3><a name=\"montajes\">Montajes electromec\u00e1nicos completos<\/a><\/h3>\n<p>Ofrecemos soluciones integrales a partir de la capacidad de abastecer y realizar proyectos en todas sus etapas y requerimientos. Por eso nuestro expertise trasciende lo proyectual y comprende tambi\u00e9n la ejecuci\u00f3n.<\/p>\n<h3><a name=\"foco\">Foco comercial y s\u00f3lida capacidad t\u00e9cnica<\/a><\/h3>\n<p>Nuestro equipo est\u00e1 s\u00f3lidamente capacitado en la funci\u00f3n comercial aplicada en favor de los clientes. Este valor, junto a la capacitaci\u00f3n t\u00e9cnica profesional constituyen pilares que aseguran el sostenimiento de cada proyecto.<\/p>\n<h3><a name=\"poder\">Esp\u00edritu de innovaci\u00f3n<\/a><\/h3>\n<p>Nos impulsa un esp\u00edritu innovador. Entendemos que las necesidades de los clientes evolucionan; y nuestro compromiso est\u00e1 siempre un paso adelante para asegurarles que la elecci\u00f3n de Engnova SA significa \u00e9xito desde el inicio. M\u00e1xima eficiencia para empresas.<\/p>\n","protected":false},"excerpt":{"rendered":"<p>Ensamble de expertos Somos un equipo multidisciplinario de profesionales de alto nivel en Ingenier\u00eda y t\u00e9cnicos especializados en electricidad, electr\u00f3nica, mec\u00e1nica y qu\u00edmica. Nuestro valor de conocimiento est\u00e1 plenamente orientado al aporte de soluciones de ingenier\u00eda de m\u00e1xima eficiencia para &hellip; <a href=\"https:\/\/engnova.com.ar\/?page_id=25\">Sigue leyendo <span class=\"meta-nav\">&rarr;<\/span><\/a><\/p>\n","protected":false},"author":3,"featured_media":0,"parent":0,"menu_order":0,"comment_status":"open","ping_status":"open","template":"","meta":{"footnotes":""},"class_list":["post-25","page","type-page","status-publish","hentry"],"_links":{"self":[{"href":"https:\/\/engnova.com.ar\/index.php?rest_route=\/wp\/v2\/pages\/25","targetHints":{"allow":["GET"]}}],"collection":[{"href":"https:\/\/engnova.com.ar\/index.php?rest_route=\/wp\/v2\/pages"}],"about":[{"href":"https:\/\/engnova.com.ar\/index.php?rest_route=\/wp\/v2\/types\/page"}],"author":[{"embeddable":true,"href":"https:\/\/engnova.com.ar\/index.php?rest_route=\/wp\/v2\/users\/3"}],"replies":[{"embeddable":true,"href":"https:\/\/engnova.com.ar\/index.php?rest_route=%2Fwp%2Fv2%2Fcomments&post=25"}],"version-history":[{"count":6,"href":"https:\/\/engnova.com.ar\/index.php?rest_route=\/wp\/v2\/pages\/25\/revisions"}],"predecessor-version":[{"id":29,"href":"https:\/\/engnova.com.ar\/index.php?rest_route=\/wp\/v2\/pages\/25\/revisions\/29"}],"wp:attachment":[{"href":"https:\/\/engnova.com.ar\/index.php?rest_route=%2Fwp%2Fv2%2Fmedia&parent=25"}],"curies":[{"name":"wp","href":"https:\/\/api.w.org\/{rel}","templated":true}]}}