{"id":2,"date":"2012-07-18T02:20:12","date_gmt":"2012-07-18T02:20:12","guid":{"rendered":"http:\/\/engnova.com.ar\/?page_id=2"},"modified":"2015-07-02T15:04:27","modified_gmt":"2015-07-02T18:04:27","slug":"pagina-ejemplo","status":"publish","type":"page","link":"https:\/\/engnova.com.ar\/","title":{"rendered":"Home page"},"content":{"rendered":"<div class=\"slider clearfix\"><div class=\"slides\"><p><img loading=\"lazy\" decoding=\"async\" class=\"alignnone size-full wp-image-11\" title=\"slide1\" src=\"http:\/\/engnova.com.ar\/wp-content\/uploads\/2012\/07\/slide11.png\" alt=\"\" width=\"921\" height=\"420\" \/><a href=\"http:\/\/engnova.com.ar\/wp-content\/uploads\/2015\/07\/DSC08809.jpg\"><img loading=\"lazy\" decoding=\"async\" class=\"alignnone size-full wp-image-233\" src=\"http:\/\/engnova.com.ar\/wp-content\/uploads\/2015\/07\/DSC08809.jpg\" alt=\"DSC08809\" width=\"921\" height=\"420\" srcset=\"https:\/\/engnova.com.ar\/wp-content\/uploads\/2015\/07\/DSC08809.jpg 921w, https:\/\/engnova.com.ar\/wp-content\/uploads\/2015\/07\/DSC08809-300x136.jpg 300w, https:\/\/engnova.com.ar\/wp-content\/uploads\/2015\/07\/DSC08809-500x228.jpg 500w, https:\/\/engnova.com.ar\/wp-content\/uploads\/2015\/07\/DSC08809-220x100.jpg 220w\" sizes=\"auto, (max-width: 921px) 100vw, 921px\" \/><\/a><img loading=\"lazy\" decoding=\"async\" class=\"alignnone size-full wp-image-13\" title=\"Energizamos todos sus sistemas\" src=\"http:\/\/engnova.com.ar\/wp-content\/uploads\/2012\/07\/slide31.png\" alt=\"\" width=\"921\" height=\"420\" \/><img loading=\"lazy\" decoding=\"async\" class=\"alignnone size-full wp-image-14\" title=\"Lo ponemos en control de todas las variables\" src=\"http:\/\/engnova.com.ar\/wp-content\/uploads\/2012\/07\/slide41.png\" alt=\"\" width=\"921\" height=\"420\" \/><img loading=\"lazy\" decoding=\"async\" class=\"alignnone size-full wp-image-15\" title=\"El proyecto total en sus manos\" src=\"http:\/\/engnova.com.ar\/wp-content\/uploads\/2012\/07\/slide51.png\" alt=\"\" width=\"921\" height=\"420\" \/><\/div>\n<ul class=\"selectors\"><li id=\"selector-1\"><a href=\"http:\/\/engnova.com.ar\/?page_id=31#montajes\"><h5>Montajes<\/h5>\n<p>Realizamos proyectos cubriendo todas sus etapas, incluyendo la estrategia de recursos.<\/p>\n<p><a class=\"more\" href=\"http:\/\/engnova.com.ar\/?page_id=31#montajes\">Ver m\u00e1s<\/a><\/p><\/a><\/li>\n<li id=\"selector-2\"><a href=\"http:\/\/engnova.com.ar\/?page_id=31#provision\"><h5>Provisi\u00f3n<\/h5>\n<p>Asesoramiento y provisi\u00f3n de toda clase de equipos de control, instrumentaci\u00f3n y el\u00e9ctricos.<\/p>\n<p><a class=\"more\" href=\"http:\/\/engnova.com.ar\/?page_id=31#provision\">Ver m\u00e1s<\/a><\/p><\/a><\/li>\n<li id=\"selector-3\"><a href=\"http:\/\/engnova.com.ar\/?page_id=31#desarrollo\"><h5>Desarrollo de sistemas<\/h5>\n<p>Aplicaci\u00f3n de sistemas de medici\u00f3n, registro, control y gesti\u00f3n de variables energ\u00e9ticas.<\/p>\n<p><a class=\"more\" href=\"http:\/\/engnova.com.ar\/?page_id=31#desarrollo\">Ver m\u00e1s<\/a><\/p><\/a><\/li>\n<li id=\"selector-4\"><a href=\"http:\/\/engnova.com.ar\/?page_id=31#control\"><h5>Control en edificios<\/h5>\n<p>Implementaci\u00f3n de sistemas de video-seguridad, control magn\u00e9tico de accesos y climatizaci\u00f3n.<\/p>\n<p><a class=\"more\" href=\"http:\/\/engnova.com.ar\/?page_id=31#control\">Ver m\u00e1s<\/a><\/p><\/a><\/li>\n<li id=\"selector-5\"><a href=\"http:\/\/engnova.com.ar\/?page_id=31#llaveenmano\"><h5>Proyecto \u00abllave en mano\u00bb<\/h5>\n<p>Desde el dise\u00f1o hasta la puesta en servicio, pasando por la ejecuci\u00f3n de la obra: \u00a1todo resuelto!.<\/p>\n<p><a class=\"more\" href=\"http:\/\/engnova.com.ar\/?page_id=31#llaveenmano\">Ver m\u00e1s<\/a><\/p><\/a><\/li><\/ul><\/div>\n","protected":false},"excerpt":{"rendered":"","protected":false},"author":3,"featured_media":0,"parent":0,"menu_order":0,"comment_status":"open","ping_status":"open","template":"home-index.php","meta":{"footnotes":""},"class_list":["post-2","page","type-page","status-publish","hentry"],"_links":{"self":[{"href":"https:\/\/engnova.com.ar\/index.php?rest_route=\/wp\/v2\/pages\/2","targetHints":{"allow":["GET"]}}],"collection":[{"href":"https:\/\/engnova.com.ar\/index.php?rest_route=\/wp\/v2\/pages"}],"about":[{"href":"https:\/\/engnova.com.ar\/index.php?rest_route=\/wp\/v2\/types\/page"}],"author":[{"embeddable":true,"href":"https:\/\/engnova.com.ar\/index.php?rest_route=\/wp\/v2\/users\/3"}],"replies":[{"embeddable":true,"href":"https:\/\/engnova.com.ar\/index.php?rest_route=%2Fwp%2Fv2%2Fcomments&post=2"}],"version-history":[{"count":8,"href":"https:\/\/engnova.com.ar\/index.php?rest_route=\/wp\/v2\/pages\/2\/revisions"}],"predecessor-version":[{"id":234,"href":"https:\/\/engnova.com.ar\/index.php?rest_route=\/wp\/v2\/pages\/2\/revisions\/234"}],"wp:attachment":[{"href":"https:\/\/engnova.com.ar\/index.php?rest_route=%2Fwp%2Fv2%2Fmedia&parent=2"}],"curies":[{"name":"wp","href":"https:\/\/api.w.org\/{rel}","templated":true}]}}